{"id":77,"date":"2018-01-09T12:14:23","date_gmt":"2018-01-09T12:14:23","guid":{"rendered":"http:\/\/temp.kita-lisa.de\/?page_id=77"},"modified":"2023-10-20T09:29:49","modified_gmt":"2023-10-20T07:29:49","slug":"elternrat","status":"publish","type":"page","link":"https:\/\/hort-friedolin.de\/?page_id=77","title":{"rendered":"Elternrat und Elternbeteiligung"},"content":{"rendered":"<p>Die konstruktive und partnerschaftliche Zusammenarbeit zwischen uns und den Eltern der Kinder, die unseren Hort besuchen, ist uns sehr wichtig. Wir sehen Eltern als Experten f\u00fcr ihr Kind und als Partner f\u00fcr unsere Erziehungsarbeit. Daf\u00fcr tauschen wir uns mit Ihnen offen \u00fcber alle wichtigen, das Kind betreffenden Angelegenheiten aus und besprechen mit Ihnen die weitere Entwicklungsbegleitung. Die Transparenz unserer Arbeit ist uns ebenfalls wichtig. Wir haben daf\u00fcr verschiedene Formen der Zusammenarbeit und des Austausches aufgebaut. Wenn Sie ein Gespr\u00e4ch w\u00fcnschen, zum Beispiel zu unseren Beobachtungen bez\u00fcglich der Entwicklung Ihres Kindes, kommen Sie bitte gern auf die zust\u00e4ndige p\u00e4dagogische Fachkraft zu.<\/p>\n<p>Der Elternrat vom Hort vertritt die Eltern und unterst\u00fctzt im Interesse der Kinder die Arbeit des Hortteams. Die Zusammenk\u00fcnfte der Eltern finden in regelm\u00e4\u00dfigen Abst\u00e4nden statt. Die Hortleiterin und ggf. auch einzelne p\u00e4dagogische Fachkr\u00e4fte werden vom Elternrat nach Bedarf eingeladen.<\/p>\n<p style=\"text-align: center;\">Wie k\u00f6nnen Sie zum Elternrat\u00a0Kontakt aufnehmen?<\/p>\n<p style=\"text-align: center;\"><strong><em>E-Mail:<\/em>\u00a0 \u00a0 \u00a0 elternrat-48gs-dresden@googlegroups.com\u00a0 \u00a0 \u00a0 \u00a0<\/strong><\/p>\n<p style=\"text-align: center;\">Schreiben Sie gerne eine E-Mail an den Elternrat.<\/p>\n","protected":false},"excerpt":{"rendered":"<p>Die konstruktive und partnerschaftliche Zusammenarbeit zwischen uns und den Eltern der Kinder, die unseren Hort besuchen, ist uns sehr wichtig. Wir sehen Eltern als Experten f\u00fcr ihr Kind und als Partner f\u00fcr unsere Erziehungsarbeit. Daf\u00fcr tauschen wir uns mit Ihnen offen \u00fcber alle wichtigen, das Kind betreffenden Angelegenheiten aus und besprechen mit Ihnen die weitere <a class=\"more-link\" href=\"https:\/\/hort-friedolin.de\/?page_id=77\">weiterlesen&#8230;<\/a><\/p>\n","protected":false},"author":1,"featured_media":0,"parent":0,"menu_order":0,"comment_status":"closed","ping_status":"closed","template":"","meta":{"footnotes":""},"class_list":["post-77","page","type-page","status-publish","hentry"],"_links":{"self":[{"href":"https:\/\/hort-friedolin.de\/index.php?rest_route=\/wp\/v2\/pages\/77","targetHints":{"allow":["GET"]}}],"collection":[{"href":"https:\/\/hort-friedolin.de\/index.php?rest_route=\/wp\/v2\/pages"}],"about":[{"href":"https:\/\/hort-friedolin.de\/index.php?rest_route=\/wp\/v2\/types\/page"}],"author":[{"embeddable":true,"href":"https:\/\/hort-friedolin.de\/index.php?rest_route=\/wp\/v2\/users\/1"}],"replies":[{"embeddable":true,"href":"https:\/\/hort-friedolin.de\/index.php?rest_route=%2Fwp%2Fv2%2Fcomments&post=77"}],"version-history":[{"count":18,"href":"https:\/\/hort-friedolin.de\/index.php?rest_route=\/wp\/v2\/pages\/77\/revisions"}],"predecessor-version":[{"id":1619,"href":"https:\/\/hort-friedolin.de\/index.php?rest_route=\/wp\/v2\/pages\/77\/revisions\/1619"}],"wp:attachment":[{"href":"https:\/\/hort-friedolin.de\/index.php?rest_route=%2Fwp%2Fv2%2Fmedia&parent=77"}],"curies":[{"name":"wp","href":"https:\/\/api.w.org\/{rel}","templated":true}]}}