{"id":73,"date":"2018-01-09T12:14:01","date_gmt":"2018-01-09T12:14:01","guid":{"rendered":"http:\/\/temp.kita-lisa.de\/?page_id=73"},"modified":"2026-05-05T12:07:51","modified_gmt":"2026-05-05T10:07:51","slug":"anmeldeverfahren","status":"publish","type":"page","link":"https:\/\/hort-friedolin.de\/?page_id=73","title":{"rendered":""},"content":{"rendered":"<h2>Anmeldeverfahren<\/h2>\n<p>Sobald Sie eine verbindliche Zusage haben, dass Ihr Kind in der 48. Grundschule aufgenommen ist, m\u00fcssen Sie sich f\u00fcr den Hort der 48. Grundschule unter <a href=\"https:\/\/kitaportal.dresden.de\/elternportal\/de\/einrichtungen\/liste\/ergebnisse\/5118\/details?standort=Seminarstra%C3%9Fe\" target=\"_blank\" rel=\"noopener\"><strong>https:\/\/kitaportal.dresden.de<\/strong><\/a> anmelden. Anschlie\u00dfend bitte die Vertragsunterlagen (Hort-Betreuungsvertrag und Teil 2 pflichtige Formulare)\u00a0 unter <a href=\"https:\/\/www.dresden.de\/de\/leben\/kinder\/tagesbetreuung\/anmeldung\/Staedtische_Kindertageseinrichtungen.php?pk_campaign=Shortcut&amp;pk_kwd=kita-aufnahmemappe\" target=\"_blank\" rel=\"noopener\"><strong>www.dresden.de\/Kita-Aufnahmemappe<\/strong><\/a> online ausf\u00fcllen und ausdrucken. Den Betreuungsvertrag ben\u00f6tigen Sie in dreifacher Ausfertigung mit den Original-Unterschriften der Personensorgeberechtigten. Dann k\u00f6nnen Sie\u00a0 mit der Leitung des Hortes einen <strong>Termin zur Aufnahme <\/strong><strong>vereinbaren<\/strong>. Den Essenvertrag erhalten Sie zu diesem Termin von der Leitung.<\/p>\n<p><em><strong>Kontakt:<\/strong><\/em><\/p>\n<p>Landeshauptstadt Dresden<br \/>\nEigenbetrieb\u00a0 Kindertageseinrichtungen<br \/>\nHort &#8222;FRIEDolin&#8220; der 48. Grundschule<br \/>\nSeminarstr. 11a, 01067 Dresden<\/p>\n<p>Leiterin: Silke Heinitz-Schulz<\/p>\n<p>stellv. Leiterin: Andrea Leischke<\/p>\n<p>E-Mail: hort-48.grundschule@dresden.de<\/p>\n<p>Tel.: (0351) 4 96 43 06<\/p>\n<hr \/>\n<h2>Vertrags\u00e4nderung<\/h2>\n<p>W\u00fcnschen Sie eine \u00c4nderung der Betreuungszeit, hat sich Ihre Anschrift und Telefonnummer ge\u00e4ndert oder m\u00f6chten Sie den Betreuungsvertrag k\u00fcndigen? Dann teilen Sie dies bitte schriftlich der Leitung des Hortes mit. Beachten Sie dabei die Fristen, welche im Betreuungsvertrag geregelt sind.<\/p>\n<hr \/>\n<div class=\"pdfprnt-buttons\"><a href=\"https:\/\/hort-friedolin.de\/index.php?rest_route=wpv2pages73&print=pdf\" class=\"pdfprnt-button pdfprnt-button-pdf\" target=\"_blank\" ><img decoding=\"async\" src=\"http:\/\/hort-friedolin.de\/wp-content\/plugins\/pdf-print\/images\/pdf.png\" alt=\"image_pdf\" title=\"PDF anzeigen\" \/><\/a><a href=\"https:\/\/hort-friedolin.de\/index.php?rest_route=wpv2pages73&print=print\" class=\"pdfprnt-button pdfprnt-button-print\" target=\"_blank\" ><img decoding=\"async\" src=\"http:\/\/hort-friedolin.de\/wp-content\/plugins\/pdf-print\/images\/print.png\" alt=\"image_print\" title=\"Inhalt drucken\" \/><\/a><\/div>\n","protected":false},"excerpt":{"rendered":"<p>Anmeldeverfahren Sobald Sie eine verbindliche Zusage haben, dass Ihr Kind in der 48. Grundschule aufgenommen ist, m\u00fcssen Sie sich f\u00fcr den Hort der 48. Grundschule unter https:\/\/kitaportal.dresden.de anmelden. Anschlie\u00dfend bitte die Vertragsunterlagen (Hort-Betreuungsvertrag und Teil 2 pflichtige Formulare)\u00a0 unter www.dresden.de\/Kita-Aufnahmemappe online ausf\u00fcllen und ausdrucken. Den Betreuungsvertrag ben\u00f6tigen Sie in dreifacher Ausfertigung mit den Original-Unterschriften der <a class=\"more-link\" href=\"https:\/\/hort-friedolin.de\/?page_id=73\">weiterlesen&#8230;<\/a><\/p>\n","protected":false},"author":1,"featured_media":0,"parent":0,"menu_order":0,"comment_status":"closed","ping_status":"closed","template":"","meta":{"footnotes":""},"class_list":["post-73","page","type-page","status-publish","hentry"],"_links":{"self":[{"href":"https:\/\/hort-friedolin.de\/index.php?rest_route=\/wp\/v2\/pages\/73","targetHints":{"allow":["GET"]}}],"collection":[{"href":"https:\/\/hort-friedolin.de\/index.php?rest_route=\/wp\/v2\/pages"}],"about":[{"href":"https:\/\/hort-friedolin.de\/index.php?rest_route=\/wp\/v2\/types\/page"}],"author":[{"embeddable":true,"href":"https:\/\/hort-friedolin.de\/index.php?rest_route=\/wp\/v2\/users\/1"}],"replies":[{"embeddable":true,"href":"https:\/\/hort-friedolin.de\/index.php?rest_route=%2Fwp%2Fv2%2Fcomments&post=73"}],"version-history":[{"count":38,"href":"https:\/\/hort-friedolin.de\/index.php?rest_route=\/wp\/v2\/pages\/73\/revisions"}],"predecessor-version":[{"id":1877,"href":"https:\/\/hort-friedolin.de\/index.php?rest_route=\/wp\/v2\/pages\/73\/revisions\/1877"}],"wp:attachment":[{"href":"https:\/\/hort-friedolin.de\/index.php?rest_route=%2Fwp%2Fv2%2Fmedia&parent=73"}],"curies":[{"name":"wp","href":"https:\/\/api.w.org\/{rel}","templated":true}]}}