{"id":51,"date":"2018-01-09T12:10:58","date_gmt":"2018-01-09T12:10:58","guid":{"rendered":"http:\/\/temp.kita-lisa.de\/?page_id=51"},"modified":"2025-07-21T13:48:22","modified_gmt":"2025-07-21T11:48:22","slug":"anfahrt-und-lage","status":"publish","type":"page","link":"https:\/\/hort-friedolin.de\/?page_id=51","title":{"rendered":"So finden Sie uns"},"content":{"rendered":"<p><em><strong>Adresse:<br \/>\n<\/strong><\/em>Hort &#8222;FRIEDolin&#8220; der 48. Grundschule<br \/>\nSeminarstr. 11a<br \/>\n01067 Dresden<\/p>\n<p>\u00dcber die <strong>\u00f6ffentlichen Verkehrsmittel<\/strong> sind wir bequem zu erreichen:<\/p>\n<ul>\n<li>HS Kongresszentrum<\/li>\n<li>HS Wei\u00dferitzstra\u00dfe<\/li>\n<li>HS Bahnhof Mitte<\/li>\n<\/ul>\n<p>Auf dem Schulgel\u00e4nde sind keine Parkpl\u00e4tze vorhanden.<\/p>\n<hr \/>\n<ul>\n<li><div class=\"pdfprnt-buttons\"><a href=\"https:\/\/hort-friedolin.de\/index.php?rest_route=wpv2pages51&print=pdf\" class=\"pdfprnt-button pdfprnt-button-pdf\" target=\"_blank\" ><img decoding=\"async\" src=\"http:\/\/hort-friedolin.de\/wp-content\/plugins\/pdf-print\/images\/pdf.png\" alt=\"image_pdf\" title=\"PDF anzeigen\" \/><\/a><a href=\"https:\/\/hort-friedolin.de\/index.php?rest_route=wpv2pages51&print=print\" class=\"pdfprnt-button pdfprnt-button-print\" target=\"_blank\" ><img decoding=\"async\" src=\"http:\/\/hort-friedolin.de\/wp-content\/plugins\/pdf-print\/images\/print.png\" alt=\"image_print\" title=\"Inhalt drucken\" \/><\/a><\/div><\/li>\n<\/ul>\n","protected":false},"excerpt":{"rendered":"<p>Adresse: Hort &#8222;FRIEDolin&#8220; der 48. Grundschule Seminarstr. 11a 01067 Dresden \u00dcber die \u00f6ffentlichen Verkehrsmittel sind wir bequem zu erreichen: HS Kongresszentrum HS Wei\u00dferitzstra\u00dfe HS Bahnhof Mitte Auf dem Schulgel\u00e4nde sind keine Parkpl\u00e4tze vorhanden.<\/p>\n","protected":false},"author":1,"featured_media":0,"parent":0,"menu_order":0,"comment_status":"closed","ping_status":"closed","template":"","meta":{"footnotes":""},"class_list":["post-51","page","type-page","status-publish","hentry"],"_links":{"self":[{"href":"https:\/\/hort-friedolin.de\/index.php?rest_route=\/wp\/v2\/pages\/51","targetHints":{"allow":["GET"]}}],"collection":[{"href":"https:\/\/hort-friedolin.de\/index.php?rest_route=\/wp\/v2\/pages"}],"about":[{"href":"https:\/\/hort-friedolin.de\/index.php?rest_route=\/wp\/v2\/types\/page"}],"author":[{"embeddable":true,"href":"https:\/\/hort-friedolin.de\/index.php?rest_route=\/wp\/v2\/users\/1"}],"replies":[{"embeddable":true,"href":"https:\/\/hort-friedolin.de\/index.php?rest_route=%2Fwp%2Fv2%2Fcomments&post=51"}],"version-history":[{"count":30,"href":"https:\/\/hort-friedolin.de\/index.php?rest_route=\/wp\/v2\/pages\/51\/revisions"}],"predecessor-version":[{"id":1776,"href":"https:\/\/hort-friedolin.de\/index.php?rest_route=\/wp\/v2\/pages\/51\/revisions\/1776"}],"wp:attachment":[{"href":"https:\/\/hort-friedolin.de\/index.php?rest_route=%2Fwp%2Fv2%2Fmedia&parent=51"}],"curies":[{"name":"wp","href":"https:\/\/api.w.org\/{rel}","templated":true}]}}