{"id":385,"date":"2018-07-03T20:56:14","date_gmt":"2018-07-03T18:56:14","guid":{"rendered":"http:\/\/temp.kita-lisa.de\/?page_id=385"},"modified":"2020-04-21T09:17:20","modified_gmt":"2020-04-21T07:17:20","slug":"datenschutzerklaerung","status":"publish","type":"page","link":"https:\/\/hort-friedolin.de\/?page_id=385","title":{"rendered":"Datenschutzerkl\u00e4rung"},"content":{"rendered":"<p>Der Eigenbetrieb Kindertageseinrichtungen legt gro\u00dfen Wert auf den Schutz Ihrer pers\u00f6nlichen Daten. Wir haben daher technische und organisatorische Ma\u00dfnahmen getroffen, die sicherstellen, dass die Vorschriften \u00fcber den Datenschutz beachtet werden.<\/p>\n<p><strong>Gesetzliche Grundlagen<\/strong><\/p>\n<p>Der Eigenbetrieb Kindertageseinrichtungen bietet mit dieser Website einen Teledienst an. Dieses Portal unterliegt damit den Bestimmungen des Telemediengesetzes (TMG). Im \u00dcbrigen findet die Verordnung (EU) 2016\/679 des Europ\u00e4ischen Parlaments und des Rates vom 27. April 2016 zum Schutz nat\u00fcrlicher Personen bei der Verarbeitung personenbezogener Daten, zum freien Datenverkehr und zur Aufhebung der Richtlinie 95\/46\/EG (EU-DSGVO) Anwendung.<\/p>\n<p><strong>Automatische Datenerfassung<\/strong><\/p>\n<p>Die Nutzung der Website ist grunds\u00e4tzlich ohne Bekanntgabe personenbezogener Daten m\u00f6glich. Personenbezogene Daten sind Einzelangaben \u00fcber pers\u00f6nliche oder sachliche Verh\u00e4ltnisse einer bestimmten oder bestimmbaren nat\u00fcrlichen Person, also vor allem Daten, die mit dem Namen verbunden sind oder aus deren Zusammenhang sich hierzu ein Bezug unmittelbar herstellen l\u00e4sst.<\/p>\n<p>Beim Zugriff auf das Portal werden zum Zwecke der Sicherheitskontrolle folgende Daten gespeichert:<\/p>\n<ul>\n<li>IP-Adresse des nutzenden Hosts<\/li>\n<li>Datum und Uhrzeit der Anforderung<\/li>\n<li>Clientsoftware des anfordernden Rechners, d.h. in der Regel Browsertyp und gew\u00fcnschte Zugriffsmethode\/Funktion<\/li>\n<li>\u00fcbermittelte Eingabewerte (z.B.: Suchbegriffe)<\/li>\n<li>Zugriffsstatus des Web-Servers (z.B.: Datei \u00fcbertragen, Datei nicht gefunden, Kommando nicht ausgef\u00fchrt) und der Namen der angeforderten Datei<\/li>\n<\/ul>\n<p>Die erfassten Daten werden nach erfolgter Sicherheitskontrolle nach sp\u00e4testens\u00a0zehn Tagen\u00a0gel\u00f6scht.<\/p>\n<p><strong>Erhebung und Verarbeitung pers\u00f6nlicher Daten<\/strong><\/p>\n<p>Die Verarbeitung pers\u00f6nlicher Daten erfolgt mit Ihrem Einverst\u00e4ndnis. Nach Art. 13 Abs. 2 EU-DSGVO werden Sie \u00fcber folgende Rechte informiert:<\/p>\n<ul>\n<li>Sie k\u00f6nnen nicht gezwungen oder gedr\u00e4ngt werden, das Einverst\u00e4ndnis aufrechtzuerhalten.<\/li>\n<li>Ihr Einverst\u00e4ndnis k\u00f6nnen Sie jederzeit widerrufen. Nach Widerruf werden Ihre Daten gel\u00f6scht.<\/li>\n<li>Sie haben gegen\u00fcber dem Eigenbetrieb Kindertageseinrichtungen bzw. gegen\u00fcber der zust\u00e4ndigen Fachbeh\u00f6rde folgende Rechte: nach Art. 15 EU-DSGVO ein Auskunftsrecht, nach Art. 16 EU-GSDVO das Recht auf Berichtigung fehlerhafter Daten, nach Art. 17 EU-DSGVO das Recht auf L\u00f6schung bzw. Vergessenwerden, nach Art. 18 EU-DSGVO das Recht auf Einschr\u00e4nkung der Verarbeitung.<\/li>\n<li>Sie haben das Recht, nach Art. 77 EU-DSGVO Beschwerde gegen die Verarbeitung ihrer pers\u00f6nlichen Daten bei der Datenschutzaufsichtsbeh\u00f6rde zu erheben<\/li>\n<\/ul>\n<p><strong>Wahrung der Vertraulichkeit<\/strong><\/p>\n<p>Die mit der Verarbeitung von personenbezogenen Daten betrauten Besch\u00e4ftigten des Eigenbetriebes Kindertageseinrichtungen und die Besch\u00e4ftigten der durch den Eigenbetrieb Kindertageseinrichtungen beauftragten Institutionen sind auf das Datengeheimnis bzw. zur Vertraulichkeit nach Art. 29 sowie Art. 32 Abs. 4 EU-DSGVO verpflichtet. Es wurden vertraglich abgesicherte Ma\u00dfnahmen getroffen, damit die datenschutzrechtlichen Regelungen auch von Externen beachtet werden.<\/p>\n<p><strong>Aktive Komponenten<\/strong><\/p>\n<p>Im Portal werden weder Java-Applets noch ActiveX-Controls eingesetzt. Javascript wird in begrenztem Umfang genutzt. Die Deaktivierung von Javascript im Browser schr\u00e4nkt die Nutzbarkeit der Anwendung nicht prinzipiell ein.<\/p>\n<p><strong>Verwendung von Cookies<\/strong><\/p>\n<p>Wir setzen auf unserer Webseite sog. Session Cookies (auch als tempor\u00e4re Cookies bezeichnet) ein. Session Cookies werden ausschlie\u00dflich f\u00fcr die Dauer Ihrer Nutzung einer unserer Webseiten zwischengespeichert. Zweck dieser Cookies ist, Ihren Rechner w\u00e4hrend eines Besuchs auf unseren Webseiten zu identifizieren und das Ende Ihres Besuchs feststellen zu k\u00f6nnen. Um den vollen Funktionsumfang unseres Internetauftritts zu nutzen, ist es aus technischen Gr\u00fcnden erforderlich, die Session Cookies zuzulassen. Die Session Cookies werden gel\u00f6scht, sobald Sie unsere Webseite verlassen oder Ihre Browsersitzung beenden.<\/p>\n<p><strong>Externe Links<\/strong><\/p>\n<p>Die Seiten enthalten ggf. Links (Verzweigungen) zu anderen Internetseiten. Solche Links sind erkennbar blaue Schrift und Unterstreichung bei Ber\u00fchren oder durch bestimmte Symbole oder durch die explizit ausgeschriebene Internetadresse. Beim Ausf\u00fchren externer Links wird ein neues Browserfenster ge\u00f6ffnet, sofern beim Nutzer JavaScript aktiviert ist.<\/p>\n<p>Der Eigenbetrieb Kindertageseinrichtungen \u00fcbernimmt keine Verantwortung f\u00fcr die Inhalte anderer Internetseiten, die \u00fcber Links aus dem Verwaltungsportal erreicht werden. Die Links werden bei der Einbindung nur kursorisch gepr\u00fcft und bewertet. Eine kontinuierliche inhaltliche Pr\u00fcfung ist weder beabsichtigt noch m\u00f6glich.<\/p>\n<p><strong>Soziale Netzwerke<\/strong><\/p>\n<p>Beim Surfen auf den Seiten dieser Website werden standardm\u00e4\u00dfig keine Daten an soziale Netzwerke (Facebook, Twitter, Google+) \u00fcbertragen. Es erfolgt somit kein User-Tracking durch Dritte.<\/p>\n<h4><em>Eigenbetrieb Kindertageseinrichtungen<\/em><\/h4>\n<p><strong>Besucheranschrift<br \/>\n<\/strong><br \/>\nBreitscheidstr. 78<br \/>\n01237 Dresden<\/p>\n<p><strong>Telefon<\/strong> 0351-4885152<br \/>\n<strong>Fax<\/strong> 0351-4885023<br \/>\n<strong>E-Mail<\/strong> kindertageseinrichtungen@dresden.de<\/p>\n<p><strong>Postanschrift<br \/>\n<\/strong>Postfach 12 00 20<br \/>\n01001 Dresden<\/p>\n<p><strong>Bitte beachten Sie:<br \/>\n<\/strong>Ihre Mitteilung an uns \u00fcber E-Mail wird nicht automatisch verschl\u00fcsselt. Ohne Verschl\u00fcsselung ist die Kenntnisnahme durch Dritte nicht ausgeschlossen.<br \/>\nSofern Sie eine Antwort w\u00fcnschen, gehen wir davon aus, dass Sie mit einer Beantwortung durch eine ebenfalls unverschl\u00fcsselte E-Mail einverstanden sind, wenn unsere Antwort auch nach ihrem Inhalt keiner Verschl\u00fcsselung bedarf.<\/p>\n<h4><em>Datenschutzbeauftragter<\/em><\/h4>\n<p>W\u00fcnschen Sie generelle Informationen zum Datenschutz, k\u00f6nnen Sie sich an den Datenschutzbeauftragten wenden. Weitere Informationen und Kontaktangaben finden Sie hier:<\/p>\n<p><strong>Postanschrift:<\/strong><br \/>\nLandeshauptstadt Dresden<br \/>\nGesch\u00e4ftsbereich Oberb\u00fcrgermeister<br \/>\nDatenschutzbeauftragter<br \/>\nPostfach 12 00 20<br \/>\n01001 Dresden<\/p>\n<p><strong>Besuchsanschrift:<\/strong><br \/>\nAn der Kreuzkirche 6<br \/>\n2. Etage, Zimmer 233<br \/>\n01067 Dresden<br \/>\nTelefon: 0351- 4881906<\/p>\n<p><strong>E-Mail:<\/strong> datenschutzbeauftragter@dresden.de<\/p>\n","protected":false},"excerpt":{"rendered":"<p>Der Eigenbetrieb Kindertageseinrichtungen legt gro\u00dfen Wert auf den Schutz Ihrer pers\u00f6nlichen Daten. Wir haben daher technische und organisatorische Ma\u00dfnahmen getroffen, die sicherstellen, dass die Vorschriften \u00fcber den Datenschutz beachtet werden. Gesetzliche Grundlagen Der Eigenbetrieb Kindertageseinrichtungen bietet mit dieser Website einen Teledienst an. Dieses Portal unterliegt damit den Bestimmungen des Telemediengesetzes (TMG). Im \u00dcbrigen findet die <a class=\"more-link\" href=\"https:\/\/hort-friedolin.de\/?page_id=385\">weiterlesen&#8230;<\/a><\/p>\n","protected":false},"author":1,"featured_media":0,"parent":0,"menu_order":0,"comment_status":"closed","ping_status":"closed","template":"","meta":{"footnotes":""},"class_list":["post-385","page","type-page","status-publish","hentry"],"_links":{"self":[{"href":"https:\/\/hort-friedolin.de\/index.php?rest_route=\/wp\/v2\/pages\/385","targetHints":{"allow":["GET"]}}],"collection":[{"href":"https:\/\/hort-friedolin.de\/index.php?rest_route=\/wp\/v2\/pages"}],"about":[{"href":"https:\/\/hort-friedolin.de\/index.php?rest_route=\/wp\/v2\/types\/page"}],"author":[{"embeddable":true,"href":"https:\/\/hort-friedolin.de\/index.php?rest_route=\/wp\/v2\/users\/1"}],"replies":[{"embeddable":true,"href":"https:\/\/hort-friedolin.de\/index.php?rest_route=%2Fwp%2Fv2%2Fcomments&post=385"}],"version-history":[{"count":5,"href":"https:\/\/hort-friedolin.de\/index.php?rest_route=\/wp\/v2\/pages\/385\/revisions"}],"predecessor-version":[{"id":862,"href":"https:\/\/hort-friedolin.de\/index.php?rest_route=\/wp\/v2\/pages\/385\/revisions\/862"}],"wp:attachment":[{"href":"https:\/\/hort-friedolin.de\/index.php?rest_route=%2Fwp%2Fv2%2Fmedia&parent=385"}],"curies":[{"name":"wp","href":"https:\/\/api.w.org\/{rel}","templated":true}]}}