{"id":21,"date":"2018-01-08T12:53:52","date_gmt":"2018-01-08T12:53:52","guid":{"rendered":"http:\/\/temp.kita-lisa.de\/?page_id=21"},"modified":"2025-07-21T14:16:33","modified_gmt":"2025-07-21T12:16:33","slug":"tagesablauf","status":"publish","type":"page","link":"https:\/\/hort-friedolin.de\/?page_id=21","title":{"rendered":"Tagesablauf"},"content":{"rendered":"<p><strong>Der Tagesablauf in der Schulzeit<\/strong><\/p>\n<p>Der Fr\u00fchhort hat ab 6.00 Uhr, bzw. je nach angemeldeten Bedarf an unsere \u00d6ffnungszeit, f\u00fcr die Kinder aller Klassenstufen im Hortraum ge\u00f6ffnet.<\/p>\n<p>Ab 11.15 Uhr bis ca. 13.30 Uhr (je nach Unterrichtsschluss) k\u00f6nnen die Kinder Mittag essen, in den ge\u00f6ffneten R\u00e4umen spielen, basteln, vespern, ihre Hausaufgaben erledigen oder sich an der frischen Luft bewegen. Sie gestalten ihre Freizeit eigenverantwortlich, wobei immer eine p\u00e4dagogische Fachkraft als Ansprechpartner zur Verf\u00fcgung steht und die Prozesse im Alltag begleitet.<\/p>\n<p>Wir arbeiten eng mit Kooperationspartnern in Dresden-Friedrichstadt zusammen, um den Kindern im Hort Aussichten zu er\u00f6ffnen, ihre Freizeit &#8211; auch nach Beendigung der 4. Klasse &#8211; selbst\u00e4ndig zu gestalten. Schon seit mehreren Jahren arbeiten wir deshalb mit Institutionen und Vereinen im Stadtteil zusammen, zum Beispiel mit dem Mehrgenerationenhaus \u201eriesa efau\u201c.<\/p>\n<p>Ab ca. 16.00 Uhr betreuen wir wieder die Kinder aller Klassenstufen im Hortraum.<\/p>\n<p><strong>Der Tagesablauf in den Ferien<\/strong><\/p>\n<p>Ferien hei\u00dft f\u00fcr unsere Kinder vor allem Freizeit und Entspannung, einmal den Dingen nachgehen k\u00f6nnen, f\u00fcr die in der Schulzeit sonst wenig Zeit bleibt. Die Kinder werden angeregt, mitzuentscheiden, wie sie ihre Ferien verbringen m\u00f6chten. In Vorbereitung der Ferien k\u00f6nnen die Kinder uns ihre W\u00fcnsche f\u00fcr das Ferienprogramm mitteilen. Wir erarbeiten mit den angemeldeten Kindern vor den Ferien und w\u00f6chentlich aktuell das Ferienprogramm.<\/p>\n","protected":false},"excerpt":{"rendered":"<p>Der Tagesablauf in der Schulzeit Der Fr\u00fchhort hat ab 6.00 Uhr, bzw. je nach angemeldeten Bedarf an unsere \u00d6ffnungszeit, f\u00fcr die Kinder aller Klassenstufen im Hortraum ge\u00f6ffnet. Ab 11.15 Uhr bis ca. 13.30 Uhr (je nach Unterrichtsschluss) k\u00f6nnen die Kinder Mittag essen, in den ge\u00f6ffneten R\u00e4umen spielen, basteln, vespern, ihre Hausaufgaben erledigen oder sich an <a class=\"more-link\" href=\"https:\/\/hort-friedolin.de\/?page_id=21\">weiterlesen&#8230;<\/a><\/p>\n","protected":false},"author":1,"featured_media":673,"parent":0,"menu_order":0,"comment_status":"closed","ping_status":"closed","template":"","meta":{"footnotes":""},"class_list":["post-21","page","type-page","status-publish","has-post-thumbnail","hentry"],"_links":{"self":[{"href":"https:\/\/hort-friedolin.de\/index.php?rest_route=\/wp\/v2\/pages\/21","targetHints":{"allow":["GET"]}}],"collection":[{"href":"https:\/\/hort-friedolin.de\/index.php?rest_route=\/wp\/v2\/pages"}],"about":[{"href":"https:\/\/hort-friedolin.de\/index.php?rest_route=\/wp\/v2\/types\/page"}],"author":[{"embeddable":true,"href":"https:\/\/hort-friedolin.de\/index.php?rest_route=\/wp\/v2\/users\/1"}],"replies":[{"embeddable":true,"href":"https:\/\/hort-friedolin.de\/index.php?rest_route=%2Fwp%2Fv2%2Fcomments&post=21"}],"version-history":[{"count":17,"href":"https:\/\/hort-friedolin.de\/index.php?rest_route=\/wp\/v2\/pages\/21\/revisions"}],"predecessor-version":[{"id":1783,"href":"https:\/\/hort-friedolin.de\/index.php?rest_route=\/wp\/v2\/pages\/21\/revisions\/1783"}],"wp:featuredmedia":[{"embeddable":true,"href":"https:\/\/hort-friedolin.de\/index.php?rest_route=\/wp\/v2\/media\/673"}],"wp:attachment":[{"href":"https:\/\/hort-friedolin.de\/index.php?rest_route=%2Fwp%2Fv2%2Fmedia&parent=21"}],"curies":[{"name":"wp","href":"https:\/\/api.w.org\/{rel}","templated":true}]}}